{"id":87,"date":"2014-10-17T14:28:07","date_gmt":"2014-10-17T14:28:07","guid":{"rendered":"http:\/\/www.programadorrobots.es\/?page_id=87"},"modified":"2020-09-30T17:46:41","modified_gmt":"2020-09-30T17:46:41","slug":"inicio","status":"publish","type":"page","link":"http:\/\/www.programadorrobots.es\/","title":{"rendered":"Inicio"},"content":{"rendered":"<p><strong>Ingeniero<\/strong>, <strong>programador de robots aut\u00f3nomo<\/strong> con <strong><span style=\"color: #ff0000;\">m\u00e1s de\u00a020 a\u00f1os de\u00a0experiencia<\/span><\/strong> en distintos standards del sector del automovil, tanto en la programaci\u00f3n de robots como de PLC&#8217;s.<\/p>\n<p><strong>COORDINACI\u00d3N, JEFE DE EQUIPO Y JEFE DE PROYECTO :<\/strong><\/p>\n<p>Tengo experiencia en <strong><span style=\"color: #ff0000;\">coordinaci\u00f3n de equipos de robot y programadores de PLC<\/span><\/strong>, as\u00ed como enlace entre ingeniero mec\u00e1nico jefe de proyecto, ingeniero el\u00e9ctrico jefe de proyecto , jefe del equipo de electricistas, jefe del equipo de mec\u00e1nicos \u00a0y los ingenieros de las f\u00e1bricas.<\/p>\n<p><strong>EXPERTO Y ESPECIALISTA :<\/strong><\/p>\n<p><strong><span style=\"color: #ff0000;\">Especialista en la optimizaci\u00f3n del tiempo de ciclo<\/span><\/strong>.<\/p>\n<p>Experto por mi amplia experiencia en diferentes procesos de la rob\u00f3tica (soldadura por puntos, soldadura de arco, soldadura de pernos\/tucker, soldadura l\u00e1ser, manipulaci\u00f3n, paletizado, remachado, procesos de plegado-ribeteado, atornillado, visi\u00f3n artificial (ISRA), etc).<\/p>\n<p><strong>CONSULTOR\u00cdA :<\/strong><\/p>\n<p style=\"text-align: justify;\">Mi amplia experiencia en instalaciones de robots y mis tres ingenier\u00edas (mec\u00e1nica, electricidad\u00a0\/ electr\u00f3nica y de inform\u00e1tica de sistemas) me hace capaz de asesorar en la conveniencia o no de aplicar la rob\u00f3tica para instalaciones de procesos autom\u00e1ticos o buscar otras soluciones\u00a0en ocasiones\u00a0m\u00e1s rentables, algunas veces un hombre es m\u00e1s rentable que un robot o un simple mecanismo o automatismo es m\u00e1s eficaz para hacer un\u00a0proceso autom\u00e1tico, eso significa que es muy importante el estudio de lo que mi cliente realmente necesita\u00a0antes de gastar su dinero.<\/p>\n<p><strong>PROGRAMACI\u00d3N DE ROBOTS:<\/strong><\/p>\n<ul>\n<li>Programador de robots FANUC : RJ2, RJ3iB, RJ3iW, etc.<\/li>\n<li>Programador de robots\u00a0ABB : M98, M2000, M2004, IRC5, etc.<\/li>\n<li>Programador de robots\u00a0KUKA : KRC2, KRC4<\/li>\n<li>Programador de robots\u00a0YASKAWA-MOTOMAN : DX100.<\/li>\n<li>Programador de robots\u00a0ST\u00c4UBLI : Brazo rob\u00f3tico TX + controlador CS8C, brazo rob\u00f3tico TX2 + controlador CS9<\/li>\n<li>Programador de robots Universal Robot (UR) robot colaborativo (cobot) : CB3, E-Series<\/li>\n<\/ul>\n<p><strong>PROGRAMACI\u00d3N DE Aut\u00f3matas programables (PLC&#8217;s) :<\/strong><\/p>\n<ul>\n<li>Bosch CL200 , CL530, CL550<\/li>\n<li>Siemens S7 300, TIAPORTAL<\/li>\n<\/ul>\n<p><strong>Algunos equipos de soldadura :<\/strong><\/p>\n<ul>\n<li>Soldadura por puntos\u00a0: SERRA CPC300-DP, CPC 300 IB, MFC-3000, British Federal, Bosch.<\/li>\n<li>Soldadura por arco\u00a0(MIG) : Fronius, Sun Arc, Kemppi.<\/li>\n<li>Soldadura de pernos : Tucker.<\/li>\n<li>Soldadura laser :\u00a0 Trumpf (TruDisk6002) +Blackbird (RobotSyncUnit), Laserline (LDF 5.000-60).<\/li>\n<\/ul>\n<p><strong>Lineas robotizadas\u00a0de pintura\u00a0:<\/strong><\/p>\n<ul>\n<li>\n<div>Sellado robotizado (PVC) con boquilla para recubrimiento de taloneras (zonas engatilladas : puertas, cap\u00f3, port\u00f3n).<\/div>\n<\/li>\n<li>Sellado robotizado para\u00a0protecci\u00f3n de bajos.<\/li>\n<\/ul>\n<p><strong>Algunos ESTANDARES usados :<\/strong><\/p>\n<ul>\n<li>VW \/SEAT VASS<\/li>\n<li>MERCEDES<\/li>\n<li>OPEL<\/li>\n<li>RENAULT<\/li>\n<li>GESTAMP<\/li>\n<li>PSA<\/li>\n<\/ul>\n","protected":false},"excerpt":{"rendered":"<p>Ingeniero, programador de robots aut\u00f3nomo con m\u00e1s de\u00a020 a\u00f1os de\u00a0experiencia en distintos standards del sector del automovil, tanto en la programaci\u00f3n de robots como de PLC&#8217;s. COORDINACI\u00d3N, JEFE DE EQUIPO Y JEFE DE PROYECTO : Tengo experiencia en coordinaci\u00f3n de equipos de robot y programadores de PLC, as\u00ed como enlace entre ingeniero mec\u00e1nico jefe de [&hellip;]<\/p>\n","protected":false},"author":1,"featured_media":0,"parent":0,"menu_order":0,"comment_status":"closed","ping_status":"closed","template":"","meta":[],"_links":{"self":[{"href":"http:\/\/www.programadorrobots.es\/index.php?rest_route=\/wp\/v2\/pages\/87"}],"collection":[{"href":"http:\/\/www.programadorrobots.es\/index.php?rest_route=\/wp\/v2\/pages"}],"about":[{"href":"http:\/\/www.programadorrobots.es\/index.php?rest_route=\/wp\/v2\/types\/page"}],"author":[{"embeddable":true,"href":"http:\/\/www.programadorrobots.es\/index.php?rest_route=\/wp\/v2\/users\/1"}],"replies":[{"embeddable":true,"href":"http:\/\/www.programadorrobots.es\/index.php?rest_route=%2Fwp%2Fv2%2Fcomments&post=87"}],"version-history":[{"count":38,"href":"http:\/\/www.programadorrobots.es\/index.php?rest_route=\/wp\/v2\/pages\/87\/revisions"}],"predecessor-version":[{"id":187,"href":"http:\/\/www.programadorrobots.es\/index.php?rest_route=\/wp\/v2\/pages\/87\/revisions\/187"}],"wp:attachment":[{"href":"http:\/\/www.programadorrobots.es\/index.php?rest_route=%2Fwp%2Fv2%2Fmedia&parent=87"}],"curies":[{"name":"wp","href":"https:\/\/api.w.org\/{rel}","templated":true}]}}