{"id":71,"date":"2014-10-17T13:40:59","date_gmt":"2014-10-17T13:40:59","guid":{"rendered":"http:\/\/www.programadorrobots.es\/?page_id=71"},"modified":"2014-11-29T08:19:11","modified_gmt":"2014-11-29T08:19:11","slug":"clientes","status":"publish","type":"page","link":"http:\/\/www.programadorrobots.es\/?page_id=71","title":{"rendered":"Empresas"},"content":{"rendered":"<p><strong>EMPRESAS\u00a0<\/strong><strong>\u00a0:<\/strong><\/p>\n<ul>\n<li>TMS (Turnkey Manufacturing Solutions GmbH).<\/li>\n<li>FFT.GmbH &#8211; EDAG<\/li>\n<li>KUKA<\/li>\n<li>OPEL (Vorrichtungen und Anlagen)<\/li>\n<li>ThyssenKrupp-Nothelfer GmbH<\/li>\n<li>InPro electric GmbH, InPro electric Espa\u00f1a S.L.<\/li>\n<li>MB Sistemas.<\/li>\n<li>Grupo DGH<\/li>\n<li>DENION Control y Sistemas S.A.,<\/li>\n<li>Emte Sistemas S.A.U. (Grupo Comsa-Emte)<\/li>\n<li>Emte Automatizaci\u00f3n S.A. (Grupo Comsa-Emte)<\/li>\n<li>Sistemas e Instrumentaci\u00f3n S.A. (Grupo Dragados)<\/li>\n<li>Johnson Controls Alag\u00f3n.SA.<strong>\u00a0<\/strong><\/li>\n<\/ul>\n","protected":false},"excerpt":{"rendered":"<p>EMPRESAS\u00a0\u00a0: TMS (Turnkey Manufacturing Solutions GmbH). FFT.GmbH &#8211; EDAG KUKA OPEL (Vorrichtungen und Anlagen) ThyssenKrupp-Nothelfer GmbH InPro electric GmbH, InPro electric Espa\u00f1a S.L. MB Sistemas. Grupo DGH DENION Control y Sistemas S.A., Emte Sistemas S.A.U. (Grupo Comsa-Emte) Emte Automatizaci\u00f3n S.A. (Grupo Comsa-Emte) Sistemas e Instrumentaci\u00f3n S.A. (Grupo Dragados) Johnson Controls Alag\u00f3n.SA.\u00a0<\/p>\n","protected":false},"author":1,"featured_media":0,"parent":0,"menu_order":0,"comment_status":"closed","ping_status":"closed","template":"","meta":[],"_links":{"self":[{"href":"http:\/\/www.programadorrobots.es\/index.php?rest_route=\/wp\/v2\/pages\/71"}],"collection":[{"href":"http:\/\/www.programadorrobots.es\/index.php?rest_route=\/wp\/v2\/pages"}],"about":[{"href":"http:\/\/www.programadorrobots.es\/index.php?rest_route=\/wp\/v2\/types\/page"}],"author":[{"embeddable":true,"href":"http:\/\/www.programadorrobots.es\/index.php?rest_route=\/wp\/v2\/users\/1"}],"replies":[{"embeddable":true,"href":"http:\/\/www.programadorrobots.es\/index.php?rest_route=%2Fwp%2Fv2%2Fcomments&post=71"}],"version-history":[{"count":6,"href":"http:\/\/www.programadorrobots.es\/index.php?rest_route=\/wp\/v2\/pages\/71\/revisions"}],"predecessor-version":[{"id":135,"href":"http:\/\/www.programadorrobots.es\/index.php?rest_route=\/wp\/v2\/pages\/71\/revisions\/135"}],"wp:attachment":[{"href":"http:\/\/www.programadorrobots.es\/index.php?rest_route=%2Fwp%2Fv2%2Fmedia&parent=71"}],"curies":[{"name":"wp","href":"https:\/\/api.w.org\/{rel}","templated":true}]}}