{"id":69,"date":"2014-10-17T13:40:49","date_gmt":"2014-10-17T13:40:49","guid":{"rendered":"http:\/\/www.programadorrobots.es\/?page_id=69"},"modified":"2019-03-22T18:03:39","modified_gmt":"2019-03-22T18:03:39","slug":"proyectos","status":"publish","type":"page","link":"http:\/\/www.programadorrobots.es\/?page_id=69","title":{"rendered":"Proyectos"},"content":{"rendered":"<p><strong>F\u00c1BRICAS \u00a0:<\/strong><strong>\u00a0<\/strong><\/p>\n<ul>\n<li>OPEL Figueruelas-Zaragoza (Espa\u00f1a).<\/li>\n<li>OPEL Amberes (B\u00e9lgica).<\/li>\n<li>OPEL R\u00fcsselsheim (Alemania).<\/li>\n<li>OPEL Eisenach (Alemania).<\/li>\n<li>OPEL Azambuja (Portugal).<\/li>\n<li>VAUXHALL\u00a0Ellesmere Port (Inglaterra).<\/li>\n<li>VOLKSWAGEN-SEAT Barcelona (Espa\u00f1a) f\u00e1bricas de\u00a0: Zona Franca y\u00a0Martorell.<\/li>\n<li>PSA (Peugeot-Citro\u00ebn) Vigo (Espa\u00f1a).<\/li>\n<li>RENAULT Palencia (Espa\u00f1a).<\/li>\n<li>MERCEDES BENZ Vitoria (Espa\u00f1a).<\/li>\n<li>GESTAMP (Espa\u00f1a).<\/li>\n<li>GESTAMP (Francia).<\/li>\n<li>Johnson Controls Alag\u00f3n S.A. (Espa\u00f1a).<\/li>\n<\/ul>\n","protected":false},"excerpt":{"rendered":"<p>F\u00c1BRICAS \u00a0:\u00a0 OPEL Figueruelas-Zaragoza (Espa\u00f1a). OPEL Amberes (B\u00e9lgica). OPEL R\u00fcsselsheim (Alemania). OPEL Eisenach (Alemania). OPEL Azambuja (Portugal). VAUXHALL\u00a0Ellesmere Port (Inglaterra). VOLKSWAGEN-SEAT Barcelona (Espa\u00f1a) f\u00e1bricas de\u00a0: Zona Franca y\u00a0Martorell. PSA (Peugeot-Citro\u00ebn) Vigo (Espa\u00f1a). RENAULT Palencia (Espa\u00f1a). MERCEDES BENZ Vitoria (Espa\u00f1a). GESTAMP (Espa\u00f1a). GESTAMP (Francia). Johnson Controls Alag\u00f3n S.A. (Espa\u00f1a).<\/p>\n","protected":false},"author":1,"featured_media":0,"parent":0,"menu_order":0,"comment_status":"closed","ping_status":"closed","template":"","meta":[],"_links":{"self":[{"href":"http:\/\/www.programadorrobots.es\/index.php?rest_route=\/wp\/v2\/pages\/69"}],"collection":[{"href":"http:\/\/www.programadorrobots.es\/index.php?rest_route=\/wp\/v2\/pages"}],"about":[{"href":"http:\/\/www.programadorrobots.es\/index.php?rest_route=\/wp\/v2\/types\/page"}],"author":[{"embeddable":true,"href":"http:\/\/www.programadorrobots.es\/index.php?rest_route=\/wp\/v2\/users\/1"}],"replies":[{"embeddable":true,"href":"http:\/\/www.programadorrobots.es\/index.php?rest_route=%2Fwp%2Fv2%2Fcomments&post=69"}],"version-history":[{"count":8,"href":"http:\/\/www.programadorrobots.es\/index.php?rest_route=\/wp\/v2\/pages\/69\/revisions"}],"predecessor-version":[{"id":169,"href":"http:\/\/www.programadorrobots.es\/index.php?rest_route=\/wp\/v2\/pages\/69\/revisions\/169"}],"wp:attachment":[{"href":"http:\/\/www.programadorrobots.es\/index.php?rest_route=%2Fwp%2Fv2%2Fmedia&parent=69"}],"curies":[{"name":"wp","href":"https:\/\/api.w.org\/{rel}","templated":true}]}}