{"id":22,"date":"2014-10-15T12:51:40","date_gmt":"2014-10-15T12:51:40","guid":{"rendered":"http:\/\/www.programadorrobots.es\/?page_id=22"},"modified":"2019-01-12T11:32:25","modified_gmt":"2019-01-12T11:32:25","slug":"perfil","status":"publish","type":"page","link":"http:\/\/www.programadorrobots.es\/?page_id=22","title":{"rendered":"Perfil profesional"},"content":{"rendered":"<p>&nbsp;<\/p>\n<p><strong><em><span style=\"text-decoration: underline;\">IDIOMAS :<\/span><\/em><\/strong><\/p>\n<p><span style=\"color: #000000;\"><strong>Nivel de idioma<\/strong><\/span> <span style=\"color: #000000;\">en el<\/span>\u00a0<span style=\"color: #0000ff;\">marco com\u00fan europeo de referencia para las lenguas<\/span> <strong>MCRL<\/strong><\/p>\n<p><strong><em><span style=\"color: #008000;\">Deutsche\u00a0Sprachniveau<\/span>\u00a0<\/em><\/strong><span style=\"color: #000000;\">im<\/span>\u00a0<span style=\"color: #0000ff;\">Gemeinsame europ\u00e4ische Referenzrahmen f\u00fcr Sprachen<\/span> <strong><span style=\"color: #008000;\">GeR<\/span><\/strong>; <span style=\"color: #0000ff;\">auch<\/span> <strong><span style=\"color: #008000;\">GeRS.<\/span><\/strong><\/p>\n<p><strong><em><span style=\"color: #ff0000;\">Language level English <\/span><\/em><\/strong><span style=\"color: #ff0000;\"><span style=\"color: #000000;\">in the<\/span><\/span>\u00a0<span style=\"color: #0000ff;\">Common European Framework of Reference for Languages.<\/span>\u00a0<span style=\"color: #ff0000;\"><strong><span style=\"color: #ff0000;\">CEFR<\/span><span style=\"color: #000000;\">.<\/span><\/strong><\/span><\/p>\n<p><em><strong><span style=\"color: #000080;\">Niveau de langue dans<\/span><\/strong><\/em> <span style=\"color: #000000;\">le<\/span> <span style=\"color: #0000ff;\">cadre de r\u00e9f\u00e9rence europ\u00e9en commun pour les langues<\/span> <em><strong><span style=\"color: #000000;\">MCRL.<\/span><\/strong><\/em><\/p>\n<ul>\n<li><strong><span style=\"color: #000000;\">Ingl\u00e9s<\/span><\/strong>\u00a0:\u00a0\u00a0<span style=\"color: #ff0000;\">CEFR<span style=\"color: #008000;\"> \/\u00a0<strong>GeRS<\/strong><\/span><span style=\"color: #000000;\">\u00a0\/ <strong>MCRL<\/strong>\u00a0nivel<strong>\u00a0B2<\/strong><\/span><\/span><\/li>\n<\/ul>\n<ul>\n<li><strong><span style=\"color: #000000;\">Alem\u00e1n<\/span><\/strong>\u00a0:\u00a0<span style=\"color: #ff0000;\">CEFR<span style=\"color: #008000;\"> \/\u00a0<strong>GeRS<\/strong><span style=\"color: #000000;\">\u00a0\/ <strong>MCRL<span style=\"color: #000000;\">\u00a0<\/span><\/strong><span style=\"color: #000000;\">n<\/span><\/span><\/span><\/span><span style=\"color: #000000;\">ivel<strong> B2<\/strong><\/span><\/li>\n<\/ul>\n<ul>\n<li><strong><span style=\"color: #000000;\">Franc\u00e9s\/Fran\u00e7aise<\/span><\/strong>\u00a0:\u00a0<span style=\"color: #ff0000;\">CEFR<span style=\"color: #008000;\"> \/\u00a0<strong>GeRS<\/strong><span style=\"color: #000000;\">\u00a0\/ <strong>MCRL<span style=\"color: #000000;\">\u00a0<\/span><\/strong><span style=\"color: #000000;\">n<\/span><\/span><\/span><\/span><span style=\"color: #000000;\">ivel<strong>\u00a0B1<\/strong><\/span><\/li>\n<\/ul>\n<ul>\n<li><span style=\"color: #000000;\"><strong>Espa\u00f1ol<\/strong><\/span> (<span style=\"color: #000000;\"><strong>lengua materna<\/strong><\/span>)<\/li>\n<\/ul>\n<hr \/>\n<p><span style=\"text-decoration: underline;\"><em><strong>FORMACI\u00d3N ACAD\u00c9MICA\u00a0\/ TRAINING\u00a0\/ SCHULBILDUNG\u00a0:<\/strong><\/em><\/span><\/p>\n<p><strong>2014\u00a0Escuela Universitaria Polit\u00e9cnica \/ Polytechnic University School \/ Fachhochschule\u00a0<\/strong><\/p>\n<p>Ingeniero T\u00e9cnico en Inform\u00e1tica de Sistemas<\/p>\n<p>Calificaci\u00f3n: SOBRESALIENTE<\/p>\n<p><strong>2009 Escuela Universitaria Polit\u00e9cnica \/ Polytechnic University School \/ Fachhochschule\u00a0<\/strong><\/p>\n<p>Ingeniero T\u00e9cnico Industrial Mec\u00e1nico, especialidad construcci\u00f3n de M\u00e1quinas<\/p>\n<p><strong>1995\u00a0Escuela Universitaria Polit\u00e9cnica \/ Polytechnic University School \/ Fachhochschule\u00a0<\/strong><\/p>\n<p>Ingeniero T\u00e9cnico Industrial El\u00e9ctrico, especialidad Electr\u00f3nica Industrial<\/p>\n<p>Calificaci\u00f3n\u00a0: \u00a0NOTABLE<\/p>\n<p><strong>1984\u00a0\u2013\u00a01989 \u00a0Estudios de Formaci\u00f3n Profesional \/ Vocational School &#8211; Career College\u00a0\/ Fachschule \/\u00a0<\/strong><\/p>\n<p>FP 1\u00a0y FP2 en electr\u00f3nica industrial.<\/p>\n<p>&nbsp;<\/p>\n","protected":false},"excerpt":{"rendered":"<p>&nbsp; IDIOMAS : Nivel de idioma en el\u00a0marco com\u00fan europeo de referencia para las lenguas MCRL Deutsche\u00a0Sprachniveau\u00a0im\u00a0Gemeinsame europ\u00e4ische Referenzrahmen f\u00fcr Sprachen GeR; auch GeRS. Language level English in the\u00a0Common European Framework of Reference for Languages.\u00a0CEFR. Niveau de langue dans le cadre de r\u00e9f\u00e9rence europ\u00e9en commun pour les langues MCRL. Ingl\u00e9s\u00a0:\u00a0\u00a0CEFR \/\u00a0GeRS\u00a0\/ MCRL\u00a0nivel\u00a0B2 Alem\u00e1n\u00a0:\u00a0CEFR \/\u00a0GeRS\u00a0\/ MCRL\u00a0nivel [&hellip;]<\/p>\n","protected":false},"author":1,"featured_media":0,"parent":0,"menu_order":0,"comment_status":"closed","ping_status":"closed","template":"page-templates\/front-page.php","meta":[],"_links":{"self":[{"href":"http:\/\/www.programadorrobots.es\/index.php?rest_route=\/wp\/v2\/pages\/22"}],"collection":[{"href":"http:\/\/www.programadorrobots.es\/index.php?rest_route=\/wp\/v2\/pages"}],"about":[{"href":"http:\/\/www.programadorrobots.es\/index.php?rest_route=\/wp\/v2\/types\/page"}],"author":[{"embeddable":true,"href":"http:\/\/www.programadorrobots.es\/index.php?rest_route=\/wp\/v2\/users\/1"}],"replies":[{"embeddable":true,"href":"http:\/\/www.programadorrobots.es\/index.php?rest_route=%2Fwp%2Fv2%2Fcomments&post=22"}],"version-history":[{"count":36,"href":"http:\/\/www.programadorrobots.es\/index.php?rest_route=\/wp\/v2\/pages\/22\/revisions"}],"predecessor-version":[{"id":163,"href":"http:\/\/www.programadorrobots.es\/index.php?rest_route=\/wp\/v2\/pages\/22\/revisions\/163"}],"wp:attachment":[{"href":"http:\/\/www.programadorrobots.es\/index.php?rest_route=%2Fwp%2Fv2%2Fmedia&parent=22"}],"curies":[{"name":"wp","href":"https:\/\/api.w.org\/{rel}","templated":true}]}}